{"id":766,"date":"2024-01-10T18:28:43","date_gmt":"2024-01-10T18:28:43","guid":{"rendered":"https:\/\/woodstauhn.ci\/?post_type=product&#038;p=766"},"modified":"2024-09-15T20:49:04","modified_gmt":"2024-09-15T20:49:04","slug":"maison-en-ossature-bois-elegance-bois-4-pieces","status":"publish","type":"product","link":"https:\/\/woodstauhn.ci\/index.php\/product\/maison-en-ossature-bois-elegance-bois-4-pieces\/","title":{"rendered":"Maison en ossature bois \u00ab\u00a0Elegance bois\u00a0\u00bb &#8211; 4 pi\u00e8ces"},"content":{"rendered":"<p>Maison en ossature bois\u00a0\u00bbElegance bois\u00a0\u00bb &#8211; 4 pi\u00e8ces<\/p>\n<ul>\n<li>Surface habitable : 193 m2<\/li>\n<\/ul>\n","protected":false},"excerpt":{"rendered":"<p>La\u00a0Maison en ossature bois \u00ab\u00a0Elegance bois\u00a0\u00bb &#8211; 4 pi\u00e8ces est compos\u00e9e comme suit :<\/p>\n<ul>\n<li>3 chambre<\/li>\n<li>1 sejour<\/li>\n<li>1 dressing<\/li>\n<li>3 salle d&rsquo;eau<\/li>\n<li>1 cuisine \u00e9quip\u00e9e<\/li>\n<li>1 garage 2 voitures<\/li>\n<\/ul>\n","protected":false},"featured_media":501,"comment_status":"open","ping_status":"closed","template":"","meta":{"_et_pb_use_builder":"","_et_pb_old_content":"","_et_gb_content_width":""},"product_brand":[],"product_cat":[32],"product_tag":[49],"class_list":{"0":"post-766","1":"product","2":"type-product","3":"status-publish","4":"has-post-thumbnail","6":"product_cat-maison-en-ossature-bois","7":"product_tag-maison-cle-en-main","9":"first","10":"instock","11":"shipping-taxable","12":"product-type-simple"},"yoast_head":"<!-- This site is optimized with the Yoast SEO plugin v27.4 - https:\/\/yoast.com\/product\/yoast-seo-wordpress\/ -->\n<title>Maison en ossature bois &quot;Elegance bois&quot; - 4 pi\u00e8ces - Woodstauhn<\/title>\n<meta name=\"description\" content=\"Optez pour une Maison cl\u00e9 en main en ossature bois. Elle peut \u00eatre aussi r\u00e9alis\u00e9e avec plusieurs essence de bois local Tali, Badi, Iroko.\" \/>\n<meta name=\"robots\" content=\"index, follow, max-snippet:-1, max-image-preview:large, max-video-preview:-1\" \/>\n<link rel=\"canonical\" href=\"https:\/\/woodstauhn.ci\/index.php\/product\/maison-en-ossature-bois-elegance-bois-4-pieces\/\" \/>\n<meta property=\"og:locale\" content=\"fr_FR\" \/>\n<meta property=\"og:type\" content=\"article\" \/>\n<meta property=\"og:title\" content=\"Maison en ossature bois &quot;Elegance bois&quot; - 4 pi\u00e8ces - Woodstauhn\" \/>\n<meta property=\"og:description\" content=\"Optez pour une Maison cl\u00e9 en main en ossature bois. Elle peut \u00eatre aussi r\u00e9alis\u00e9e avec plusieurs essence de bois local Tali, Badi, Iroko.\" \/>\n<meta property=\"og:url\" content=\"https:\/\/woodstauhn.ci\/index.php\/product\/maison-en-ossature-bois-elegance-bois-4-pieces\/\" \/>\n<meta property=\"og:site_name\" content=\"Woodstauhn\" \/>\n<meta property=\"article:publisher\" content=\"https:\/\/www.facebook.com\/woodstauhhnabidjan\" \/>\n<meta property=\"article:modified_time\" content=\"2024-09-15T20:49:04+00:00\" \/>\n<meta property=\"og:image\" content=\"https:\/\/woodstauhn.ci\/wp-content\/uploads\/2024\/01\/w1024-28.jpg\" \/>\n\t<meta property=\"og:image:width\" content=\"1024\" \/>\n\t<meta property=\"og:image:height\" content=\"768\" \/>\n\t<meta property=\"og:image:type\" content=\"image\/jpeg\" \/>\n<meta name=\"twitter:card\" content=\"summary_large_image\" \/>\n<meta name=\"twitter:label1\" content=\"Dur\u00e9e de lecture estim\u00e9e\" \/>\n\t<meta name=\"twitter:data1\" content=\"1 minute\" \/>\n<script type=\"application\/ld+json\" class=\"yoast-schema-graph\">{\"@context\":\"https:\\\/\\\/schema.org\",\"@graph\":[{\"@type\":\"WebPage\",\"@id\":\"https:\\\/\\\/woodstauhn.ci\\\/index.php\\\/product\\\/maison-en-ossature-bois-elegance-bois-4-pieces\\\/\",\"url\":\"https:\\\/\\\/woodstauhn.ci\\\/index.php\\\/product\\\/maison-en-ossature-bois-elegance-bois-4-pieces\\\/\",\"name\":\"Maison en ossature bois \\\"Elegance bois\\\" - 4 pi\u00e8ces - Woodstauhn\",\"isPartOf\":{\"@id\":\"https:\\\/\\\/woodstauhn.ci\\\/#website\"},\"primaryImageOfPage\":{\"@id\":\"https:\\\/\\\/woodstauhn.ci\\\/index.php\\\/product\\\/maison-en-ossature-bois-elegance-bois-4-pieces\\\/#primaryimage\"},\"image\":{\"@id\":\"https:\\\/\\\/woodstauhn.ci\\\/index.php\\\/product\\\/maison-en-ossature-bois-elegance-bois-4-pieces\\\/#primaryimage\"},\"thumbnailUrl\":\"https:\\\/\\\/woodstauhn.ci\\\/wp-content\\\/uploads\\\/2024\\\/01\\\/w1024-28.jpg\",\"datePublished\":\"2024-01-10T18:28:43+00:00\",\"dateModified\":\"2024-09-15T20:49:04+00:00\",\"description\":\"Optez pour une Maison cl\u00e9 en main en ossature bois. Elle peut \u00eatre aussi r\u00e9alis\u00e9e avec plusieurs essence de bois local Tali, Badi, Iroko.\",\"breadcrumb\":{\"@id\":\"https:\\\/\\\/woodstauhn.ci\\\/index.php\\\/product\\\/maison-en-ossature-bois-elegance-bois-4-pieces\\\/#breadcrumb\"},\"inLanguage\":\"fr-FR\",\"potentialAction\":[{\"@type\":\"ReadAction\",\"target\":[\"https:\\\/\\\/woodstauhn.ci\\\/index.php\\\/product\\\/maison-en-ossature-bois-elegance-bois-4-pieces\\\/\"]}]},{\"@type\":\"ImageObject\",\"inLanguage\":\"fr-FR\",\"@id\":\"https:\\\/\\\/woodstauhn.ci\\\/index.php\\\/product\\\/maison-en-ossature-bois-elegance-bois-4-pieces\\\/#primaryimage\",\"url\":\"https:\\\/\\\/woodstauhn.ci\\\/wp-content\\\/uploads\\\/2024\\\/01\\\/w1024-28.jpg\",\"contentUrl\":\"https:\\\/\\\/woodstauhn.ci\\\/wp-content\\\/uploads\\\/2024\\\/01\\\/w1024-28.jpg\",\"width\":1024,\"height\":768},{\"@type\":\"BreadcrumbList\",\"@id\":\"https:\\\/\\\/woodstauhn.ci\\\/index.php\\\/product\\\/maison-en-ossature-bois-elegance-bois-4-pieces\\\/#breadcrumb\",\"itemListElement\":[{\"@type\":\"ListItem\",\"position\":1,\"name\":\"Home\",\"item\":\"https:\\\/\\\/woodstauhn.ci\\\/\"},{\"@type\":\"ListItem\",\"position\":2,\"name\":\"Shop\",\"item\":\"https:\\\/\\\/woodstauhn.ci\\\/index.php\\\/shop\\\/\"},{\"@type\":\"ListItem\",\"position\":3,\"name\":\"Maison en ossature bois \u00ab\u00a0Elegance bois\u00a0\u00bb &#8211; 4 pi\u00e8ces\"}]},{\"@type\":\"WebSite\",\"@id\":\"https:\\\/\\\/woodstauhn.ci\\\/#website\",\"url\":\"https:\\\/\\\/woodstauhn.ci\\\/\",\"name\":\"Woodstauhn.ci\",\"description\":\"La vie commence ici\",\"publisher\":{\"@id\":\"https:\\\/\\\/woodstauhn.ci\\\/#organization\"},\"potentialAction\":[{\"@type\":\"SearchAction\",\"target\":{\"@type\":\"EntryPoint\",\"urlTemplate\":\"https:\\\/\\\/woodstauhn.ci\\\/?s={search_term_string}\"},\"query-input\":{\"@type\":\"PropertyValueSpecification\",\"valueRequired\":true,\"valueName\":\"search_term_string\"}}],\"inLanguage\":\"fr-FR\"},{\"@type\":\"Organization\",\"@id\":\"https:\\\/\\\/woodstauhn.ci\\\/#organization\",\"name\":\"Woodstauhn.ci\",\"url\":\"https:\\\/\\\/woodstauhn.ci\\\/\",\"logo\":{\"@type\":\"ImageObject\",\"inLanguage\":\"fr-FR\",\"@id\":\"https:\\\/\\\/woodstauhn.ci\\\/#\\\/schema\\\/logo\\\/image\\\/\",\"url\":\"https:\\\/\\\/woodstauhn.ci\\\/wp-content\\\/uploads\\\/2023\\\/07\\\/1.png\",\"contentUrl\":\"https:\\\/\\\/woodstauhn.ci\\\/wp-content\\\/uploads\\\/2023\\\/07\\\/1.png\",\"width\":500,\"height\":500,\"caption\":\"Woodstauhn.ci\"},\"image\":{\"@id\":\"https:\\\/\\\/woodstauhn.ci\\\/#\\\/schema\\\/logo\\\/image\\\/\"},\"sameAs\":[\"https:\\\/\\\/www.facebook.com\\\/woodstauhhnabidjan\",\"https:\\\/\\\/www.instagram.com\\\/woodstauhn\\\/\",\"https:\\\/\\\/www.tiktok.com\\\/@woodstauhn?_t=8eJUQJA9H5K&_r=1\"]}]}<\/script>\n<!-- \/ Yoast SEO plugin. -->","yoast_head_json":{"title":"Maison en ossature bois \"Elegance bois\" - 4 pi\u00e8ces - Woodstauhn","description":"Optez pour une Maison cl\u00e9 en main en ossature bois. Elle peut \u00eatre aussi r\u00e9alis\u00e9e avec plusieurs essence de bois local Tali, Badi, Iroko.","robots":{"index":"index","follow":"follow","max-snippet":"max-snippet:-1","max-image-preview":"max-image-preview:large","max-video-preview":"max-video-preview:-1"},"canonical":"https:\/\/woodstauhn.ci\/index.php\/product\/maison-en-ossature-bois-elegance-bois-4-pieces\/","og_locale":"fr_FR","og_type":"article","og_title":"Maison en ossature bois \"Elegance bois\" - 4 pi\u00e8ces - Woodstauhn","og_description":"Optez pour une Maison cl\u00e9 en main en ossature bois. Elle peut \u00eatre aussi r\u00e9alis\u00e9e avec plusieurs essence de bois local Tali, Badi, Iroko.","og_url":"https:\/\/woodstauhn.ci\/index.php\/product\/maison-en-ossature-bois-elegance-bois-4-pieces\/","og_site_name":"Woodstauhn","article_publisher":"https:\/\/www.facebook.com\/woodstauhhnabidjan","article_modified_time":"2024-09-15T20:49:04+00:00","og_image":[{"width":1024,"height":768,"url":"https:\/\/woodstauhn.ci\/wp-content\/uploads\/2024\/01\/w1024-28.jpg","type":"image\/jpeg"}],"twitter_card":"summary_large_image","twitter_misc":{"Dur\u00e9e de lecture estim\u00e9e":"1 minute"},"schema":{"@context":"https:\/\/schema.org","@graph":[{"@type":"WebPage","@id":"https:\/\/woodstauhn.ci\/index.php\/product\/maison-en-ossature-bois-elegance-bois-4-pieces\/","url":"https:\/\/woodstauhn.ci\/index.php\/product\/maison-en-ossature-bois-elegance-bois-4-pieces\/","name":"Maison en ossature bois \"Elegance bois\" - 4 pi\u00e8ces - Woodstauhn","isPartOf":{"@id":"https:\/\/woodstauhn.ci\/#website"},"primaryImageOfPage":{"@id":"https:\/\/woodstauhn.ci\/index.php\/product\/maison-en-ossature-bois-elegance-bois-4-pieces\/#primaryimage"},"image":{"@id":"https:\/\/woodstauhn.ci\/index.php\/product\/maison-en-ossature-bois-elegance-bois-4-pieces\/#primaryimage"},"thumbnailUrl":"https:\/\/woodstauhn.ci\/wp-content\/uploads\/2024\/01\/w1024-28.jpg","datePublished":"2024-01-10T18:28:43+00:00","dateModified":"2024-09-15T20:49:04+00:00","description":"Optez pour une Maison cl\u00e9 en main en ossature bois. Elle peut \u00eatre aussi r\u00e9alis\u00e9e avec plusieurs essence de bois local Tali, Badi, Iroko.","breadcrumb":{"@id":"https:\/\/woodstauhn.ci\/index.php\/product\/maison-en-ossature-bois-elegance-bois-4-pieces\/#breadcrumb"},"inLanguage":"fr-FR","potentialAction":[{"@type":"ReadAction","target":["https:\/\/woodstauhn.ci\/index.php\/product\/maison-en-ossature-bois-elegance-bois-4-pieces\/"]}]},{"@type":"ImageObject","inLanguage":"fr-FR","@id":"https:\/\/woodstauhn.ci\/index.php\/product\/maison-en-ossature-bois-elegance-bois-4-pieces\/#primaryimage","url":"https:\/\/woodstauhn.ci\/wp-content\/uploads\/2024\/01\/w1024-28.jpg","contentUrl":"https:\/\/woodstauhn.ci\/wp-content\/uploads\/2024\/01\/w1024-28.jpg","width":1024,"height":768},{"@type":"BreadcrumbList","@id":"https:\/\/woodstauhn.ci\/index.php\/product\/maison-en-ossature-bois-elegance-bois-4-pieces\/#breadcrumb","itemListElement":[{"@type":"ListItem","position":1,"name":"Home","item":"https:\/\/woodstauhn.ci\/"},{"@type":"ListItem","position":2,"name":"Shop","item":"https:\/\/woodstauhn.ci\/index.php\/shop\/"},{"@type":"ListItem","position":3,"name":"Maison en ossature bois \u00ab\u00a0Elegance bois\u00a0\u00bb &#8211; 4 pi\u00e8ces"}]},{"@type":"WebSite","@id":"https:\/\/woodstauhn.ci\/#website","url":"https:\/\/woodstauhn.ci\/","name":"Woodstauhn.ci","description":"La vie commence ici","publisher":{"@id":"https:\/\/woodstauhn.ci\/#organization"},"potentialAction":[{"@type":"SearchAction","target":{"@type":"EntryPoint","urlTemplate":"https:\/\/woodstauhn.ci\/?s={search_term_string}"},"query-input":{"@type":"PropertyValueSpecification","valueRequired":true,"valueName":"search_term_string"}}],"inLanguage":"fr-FR"},{"@type":"Organization","@id":"https:\/\/woodstauhn.ci\/#organization","name":"Woodstauhn.ci","url":"https:\/\/woodstauhn.ci\/","logo":{"@type":"ImageObject","inLanguage":"fr-FR","@id":"https:\/\/woodstauhn.ci\/#\/schema\/logo\/image\/","url":"https:\/\/woodstauhn.ci\/wp-content\/uploads\/2023\/07\/1.png","contentUrl":"https:\/\/woodstauhn.ci\/wp-content\/uploads\/2023\/07\/1.png","width":500,"height":500,"caption":"Woodstauhn.ci"},"image":{"@id":"https:\/\/woodstauhn.ci\/#\/schema\/logo\/image\/"},"sameAs":["https:\/\/www.facebook.com\/woodstauhhnabidjan","https:\/\/www.instagram.com\/woodstauhn\/","https:\/\/www.tiktok.com\/@woodstauhn?_t=8eJUQJA9H5K&_r=1"]}]}},"jetpack_sharing_enabled":true,"_links":{"self":[{"href":"https:\/\/woodstauhn.ci\/index.php\/wp-json\/wp\/v2\/product\/766","targetHints":{"allow":["GET"]}}],"collection":[{"href":"https:\/\/woodstauhn.ci\/index.php\/wp-json\/wp\/v2\/product"}],"about":[{"href":"https:\/\/woodstauhn.ci\/index.php\/wp-json\/wp\/v2\/types\/product"}],"replies":[{"embeddable":true,"href":"https:\/\/woodstauhn.ci\/index.php\/wp-json\/wp\/v2\/comments?post=766"}],"wp:featuredmedia":[{"embeddable":true,"href":"https:\/\/woodstauhn.ci\/index.php\/wp-json\/wp\/v2\/media\/501"}],"wp:attachment":[{"href":"https:\/\/woodstauhn.ci\/index.php\/wp-json\/wp\/v2\/media?parent=766"}],"wp:term":[{"taxonomy":"product_brand","embeddable":true,"href":"https:\/\/woodstauhn.ci\/index.php\/wp-json\/wp\/v2\/product_brand?post=766"},{"taxonomy":"product_cat","embeddable":true,"href":"https:\/\/woodstauhn.ci\/index.php\/wp-json\/wp\/v2\/product_cat?post=766"},{"taxonomy":"product_tag","embeddable":true,"href":"https:\/\/woodstauhn.ci\/index.php\/wp-json\/wp\/v2\/product_tag?post=766"}],"curies":[{"name":"wp","href":"https:\/\/api.w.org\/{rel}","templated":true}]}}