{"id":345,"date":"2023-12-13T10:13:29","date_gmt":"2023-12-13T10:13:29","guid":{"rendered":"https:\/\/woodstauhn.ci\/?post_type=product&#038;p=345"},"modified":"2023-12-14T23:26:29","modified_gmt":"2023-12-14T23:26:29","slug":"escaliers-flottant","status":"publish","type":"product","link":"https:\/\/woodstauhn.ci\/index.php\/product\/escaliers-flottant\/","title":{"rendered":"Escaliers flottant"},"content":{"rendered":"<p>L&rsquo; Escaliers flottant<\/p>\n<p>L\u2019escalier suspendu CANTILEVER est un concept simple et facile \u00e0 poser permettant de poser les marches et palier en les fixant directement au mur pour constituer librement un escalier flottant \u00e0 l\u2019esth\u00e9tique \u00a0spectaculaire qui ravira les amateurs de Design et de d\u00e9coration contemporaine\u00a0!<\/p>\n<p><strong>Caract\u00e9ristiques Techniques<\/strong><\/p>\n<p>L\u2019escalier CANTILIVER se pr\u00e9sente en marches ou palier eux-m\u00eames compos\u00e9s d\u2019un habillage en bois recouvrant une structure acier \u00e0 fixer directement au mur, il n\u2019y a pas de limite de hauteur mais il est conseill\u00e9 de mettre un palier de repos apr\u00e8s 25 marches cons\u00e9cutives.<strong>\u00a0<\/strong><\/p>\n<p><strong>La Structure <\/strong>est en acier peint, elle se pr\u00e9sente sous la forme d\u2019une platine d\u2019acier de 10 mm perc\u00e9es pour \u00eatre travers\u00e9es et fix\u00e9e au mur \u00e0 l\u2019aide de tirefonds \u00a0\u00e0 sceller chimiquement dans un mur de b\u00e9ton plein (imp\u00e9rativement). Par ailleurs il est recommand\u00e9 de bien v\u00e9rifier la verticalit\u00e9 et la plan\u00e9it\u00e9 du support avant d\u2019envisager la pose d\u2019un CANTILEVER\u00a0. L\u2019escalier CANTILEVER permet de r\u00e9aliser toutes les formes courantes d\u2019escalier droit ou quart tournant.<\/p>\n","protected":false},"excerpt":{"rendered":"<p>Il s&rsquo;agit d&rsquo;un escaliers flottant de 16 marches. Soit en Iroko ou en framir\u00e9. Ces deux essences sont celles que nous proposons. Si vous d\u00e9sirez d&rsquo;autres essences vous pouvez nous \u00e9crire afin d&rsquo;en obtenir le devis.<\/p>\n","protected":false},"featured_media":339,"comment_status":"open","ping_status":"closed","template":"","meta":{"_et_pb_use_builder":"","_et_pb_old_content":"","_et_gb_content_width":""},"product_brand":[],"product_cat":[43],"product_tag":[42],"class_list":{"0":"post-345","1":"product","2":"type-product","3":"status-publish","4":"has-post-thumbnail","6":"product_cat-escaliers","7":"product_tag-pergola","9":"first","10":"instock","11":"shipping-taxable","12":"purchasable","13":"product-type-variable"},"yoast_head":"<!-- This site is optimized with the Yoast SEO plugin v27.5 - https:\/\/yoast.com\/product\/yoast-seo-wordpress\/ -->\n<title>Escaliers flottant - Woodstauhn<\/title>\n<meta name=\"description\" content=\"Optez pour un escalier Flottant, r\u00e9alisable avec plusieurs essence de bois. Id\u00e9al pour avoir une ajouter une touche de modernisme.\" \/>\n<meta name=\"robots\" content=\"index, follow, max-snippet:-1, max-image-preview:large, max-video-preview:-1\" \/>\n<link rel=\"canonical\" href=\"https:\/\/woodstauhn.ci\/index.php\/product\/escaliers-flottant\/\" \/>\n<meta property=\"og:locale\" content=\"fr_FR\" \/>\n<meta property=\"og:type\" content=\"article\" \/>\n<meta property=\"og:title\" content=\"Escaliers flottant - Woodstauhn\" \/>\n<meta property=\"og:description\" content=\"Optez pour un escalier Flottant, r\u00e9alisable avec plusieurs essence de bois. Id\u00e9al pour avoir une ajouter une touche de modernisme.\" \/>\n<meta property=\"og:url\" content=\"https:\/\/woodstauhn.ci\/index.php\/product\/escaliers-flottant\/\" \/>\n<meta property=\"og:site_name\" content=\"Woodstauhn\" \/>\n<meta property=\"article:publisher\" content=\"https:\/\/www.facebook.com\/woodstauhhnabidjan\" \/>\n<meta property=\"article:modified_time\" content=\"2023-12-14T23:26:29+00:00\" \/>\n<meta property=\"og:image\" content=\"https:\/\/woodstauhn.ci\/wp-content\/uploads\/2023\/12\/ESCALIER-FLOTTANT-PLACAGE.png\" \/>\n\t<meta property=\"og:image:width\" content=\"1000\" \/>\n\t<meta property=\"og:image:height\" content=\"1000\" \/>\n\t<meta property=\"og:image:type\" content=\"image\/png\" \/>\n<meta name=\"twitter:card\" content=\"summary_large_image\" \/>\n<meta name=\"twitter:label1\" content=\"Dur\u00e9e de lecture estim\u00e9e\" \/>\n\t<meta name=\"twitter:data1\" content=\"1 minute\" \/>\n<script type=\"application\/ld+json\" class=\"yoast-schema-graph\">{\"@context\":\"https:\\\/\\\/schema.org\",\"@graph\":[{\"@type\":\"WebPage\",\"@id\":\"https:\\\/\\\/woodstauhn.ci\\\/index.php\\\/product\\\/escaliers-flottant\\\/\",\"url\":\"https:\\\/\\\/woodstauhn.ci\\\/index.php\\\/product\\\/escaliers-flottant\\\/\",\"name\":\"Escaliers flottant - Woodstauhn\",\"isPartOf\":{\"@id\":\"https:\\\/\\\/woodstauhn.ci\\\/#website\"},\"primaryImageOfPage\":{\"@id\":\"https:\\\/\\\/woodstauhn.ci\\\/index.php\\\/product\\\/escaliers-flottant\\\/#primaryimage\"},\"image\":{\"@id\":\"https:\\\/\\\/woodstauhn.ci\\\/index.php\\\/product\\\/escaliers-flottant\\\/#primaryimage\"},\"thumbnailUrl\":\"https:\\\/\\\/woodstauhn.ci\\\/wp-content\\\/uploads\\\/2023\\\/12\\\/ESCALIER-FLOTTANT-PLACAGE.png\",\"datePublished\":\"2023-12-13T10:13:29+00:00\",\"dateModified\":\"2023-12-14T23:26:29+00:00\",\"description\":\"Optez pour un escalier Flottant, r\u00e9alisable avec plusieurs essence de bois. Id\u00e9al pour avoir une ajouter une touche de modernisme.\",\"breadcrumb\":{\"@id\":\"https:\\\/\\\/woodstauhn.ci\\\/index.php\\\/product\\\/escaliers-flottant\\\/#breadcrumb\"},\"inLanguage\":\"fr-FR\",\"potentialAction\":[{\"@type\":\"ReadAction\",\"target\":[\"https:\\\/\\\/woodstauhn.ci\\\/index.php\\\/product\\\/escaliers-flottant\\\/\"]}]},{\"@type\":\"ImageObject\",\"inLanguage\":\"fr-FR\",\"@id\":\"https:\\\/\\\/woodstauhn.ci\\\/index.php\\\/product\\\/escaliers-flottant\\\/#primaryimage\",\"url\":\"https:\\\/\\\/woodstauhn.ci\\\/wp-content\\\/uploads\\\/2023\\\/12\\\/ESCALIER-FLOTTANT-PLACAGE.png\",\"contentUrl\":\"https:\\\/\\\/woodstauhn.ci\\\/wp-content\\\/uploads\\\/2023\\\/12\\\/ESCALIER-FLOTTANT-PLACAGE.png\",\"width\":1000,\"height\":1000},{\"@type\":\"BreadcrumbList\",\"@id\":\"https:\\\/\\\/woodstauhn.ci\\\/index.php\\\/product\\\/escaliers-flottant\\\/#breadcrumb\",\"itemListElement\":[{\"@type\":\"ListItem\",\"position\":1,\"name\":\"Home\",\"item\":\"https:\\\/\\\/woodstauhn.ci\\\/\"},{\"@type\":\"ListItem\",\"position\":2,\"name\":\"Shop\",\"item\":\"https:\\\/\\\/woodstauhn.ci\\\/index.php\\\/shop\\\/\"},{\"@type\":\"ListItem\",\"position\":3,\"name\":\"Escaliers flottant\"}]},{\"@type\":\"WebSite\",\"@id\":\"https:\\\/\\\/woodstauhn.ci\\\/#website\",\"url\":\"https:\\\/\\\/woodstauhn.ci\\\/\",\"name\":\"Woodstauhn.ci\",\"description\":\"La vie commence ici\",\"publisher\":{\"@id\":\"https:\\\/\\\/woodstauhn.ci\\\/#organization\"},\"potentialAction\":[{\"@type\":\"SearchAction\",\"target\":{\"@type\":\"EntryPoint\",\"urlTemplate\":\"https:\\\/\\\/woodstauhn.ci\\\/?s={search_term_string}\"},\"query-input\":{\"@type\":\"PropertyValueSpecification\",\"valueRequired\":true,\"valueName\":\"search_term_string\"}}],\"inLanguage\":\"fr-FR\"},{\"@type\":\"Organization\",\"@id\":\"https:\\\/\\\/woodstauhn.ci\\\/#organization\",\"name\":\"Woodstauhn.ci\",\"url\":\"https:\\\/\\\/woodstauhn.ci\\\/\",\"logo\":{\"@type\":\"ImageObject\",\"inLanguage\":\"fr-FR\",\"@id\":\"https:\\\/\\\/woodstauhn.ci\\\/#\\\/schema\\\/logo\\\/image\\\/\",\"url\":\"https:\\\/\\\/woodstauhn.ci\\\/wp-content\\\/uploads\\\/2023\\\/07\\\/1.png\",\"contentUrl\":\"https:\\\/\\\/woodstauhn.ci\\\/wp-content\\\/uploads\\\/2023\\\/07\\\/1.png\",\"width\":500,\"height\":500,\"caption\":\"Woodstauhn.ci\"},\"image\":{\"@id\":\"https:\\\/\\\/woodstauhn.ci\\\/#\\\/schema\\\/logo\\\/image\\\/\"},\"sameAs\":[\"https:\\\/\\\/www.facebook.com\\\/woodstauhhnabidjan\",\"https:\\\/\\\/www.instagram.com\\\/woodstauhn\\\/\",\"https:\\\/\\\/www.tiktok.com\\\/@woodstauhn?_t=8eJUQJA9H5K&_r=1\"]}]}<\/script>\n<!-- \/ Yoast SEO plugin. -->","yoast_head_json":{"title":"Escaliers flottant - Woodstauhn","description":"Optez pour un escalier Flottant, r\u00e9alisable avec plusieurs essence de bois. Id\u00e9al pour avoir une ajouter une touche de modernisme.","robots":{"index":"index","follow":"follow","max-snippet":"max-snippet:-1","max-image-preview":"max-image-preview:large","max-video-preview":"max-video-preview:-1"},"canonical":"https:\/\/woodstauhn.ci\/index.php\/product\/escaliers-flottant\/","og_locale":"fr_FR","og_type":"article","og_title":"Escaliers flottant - Woodstauhn","og_description":"Optez pour un escalier Flottant, r\u00e9alisable avec plusieurs essence de bois. Id\u00e9al pour avoir une ajouter une touche de modernisme.","og_url":"https:\/\/woodstauhn.ci\/index.php\/product\/escaliers-flottant\/","og_site_name":"Woodstauhn","article_publisher":"https:\/\/www.facebook.com\/woodstauhhnabidjan","article_modified_time":"2023-12-14T23:26:29+00:00","og_image":[{"width":1000,"height":1000,"url":"https:\/\/woodstauhn.ci\/wp-content\/uploads\/2023\/12\/ESCALIER-FLOTTANT-PLACAGE.png","type":"image\/png"}],"twitter_card":"summary_large_image","twitter_misc":{"Dur\u00e9e de lecture estim\u00e9e":"1 minute"},"schema":{"@context":"https:\/\/schema.org","@graph":[{"@type":"WebPage","@id":"https:\/\/woodstauhn.ci\/index.php\/product\/escaliers-flottant\/","url":"https:\/\/woodstauhn.ci\/index.php\/product\/escaliers-flottant\/","name":"Escaliers flottant - Woodstauhn","isPartOf":{"@id":"https:\/\/woodstauhn.ci\/#website"},"primaryImageOfPage":{"@id":"https:\/\/woodstauhn.ci\/index.php\/product\/escaliers-flottant\/#primaryimage"},"image":{"@id":"https:\/\/woodstauhn.ci\/index.php\/product\/escaliers-flottant\/#primaryimage"},"thumbnailUrl":"https:\/\/woodstauhn.ci\/wp-content\/uploads\/2023\/12\/ESCALIER-FLOTTANT-PLACAGE.png","datePublished":"2023-12-13T10:13:29+00:00","dateModified":"2023-12-14T23:26:29+00:00","description":"Optez pour un escalier Flottant, r\u00e9alisable avec plusieurs essence de bois. Id\u00e9al pour avoir une ajouter une touche de modernisme.","breadcrumb":{"@id":"https:\/\/woodstauhn.ci\/index.php\/product\/escaliers-flottant\/#breadcrumb"},"inLanguage":"fr-FR","potentialAction":[{"@type":"ReadAction","target":["https:\/\/woodstauhn.ci\/index.php\/product\/escaliers-flottant\/"]}]},{"@type":"ImageObject","inLanguage":"fr-FR","@id":"https:\/\/woodstauhn.ci\/index.php\/product\/escaliers-flottant\/#primaryimage","url":"https:\/\/woodstauhn.ci\/wp-content\/uploads\/2023\/12\/ESCALIER-FLOTTANT-PLACAGE.png","contentUrl":"https:\/\/woodstauhn.ci\/wp-content\/uploads\/2023\/12\/ESCALIER-FLOTTANT-PLACAGE.png","width":1000,"height":1000},{"@type":"BreadcrumbList","@id":"https:\/\/woodstauhn.ci\/index.php\/product\/escaliers-flottant\/#breadcrumb","itemListElement":[{"@type":"ListItem","position":1,"name":"Home","item":"https:\/\/woodstauhn.ci\/"},{"@type":"ListItem","position":2,"name":"Shop","item":"https:\/\/woodstauhn.ci\/index.php\/shop\/"},{"@type":"ListItem","position":3,"name":"Escaliers flottant"}]},{"@type":"WebSite","@id":"https:\/\/woodstauhn.ci\/#website","url":"https:\/\/woodstauhn.ci\/","name":"Woodstauhn.ci","description":"La vie commence ici","publisher":{"@id":"https:\/\/woodstauhn.ci\/#organization"},"potentialAction":[{"@type":"SearchAction","target":{"@type":"EntryPoint","urlTemplate":"https:\/\/woodstauhn.ci\/?s={search_term_string}"},"query-input":{"@type":"PropertyValueSpecification","valueRequired":true,"valueName":"search_term_string"}}],"inLanguage":"fr-FR"},{"@type":"Organization","@id":"https:\/\/woodstauhn.ci\/#organization","name":"Woodstauhn.ci","url":"https:\/\/woodstauhn.ci\/","logo":{"@type":"ImageObject","inLanguage":"fr-FR","@id":"https:\/\/woodstauhn.ci\/#\/schema\/logo\/image\/","url":"https:\/\/woodstauhn.ci\/wp-content\/uploads\/2023\/07\/1.png","contentUrl":"https:\/\/woodstauhn.ci\/wp-content\/uploads\/2023\/07\/1.png","width":500,"height":500,"caption":"Woodstauhn.ci"},"image":{"@id":"https:\/\/woodstauhn.ci\/#\/schema\/logo\/image\/"},"sameAs":["https:\/\/www.facebook.com\/woodstauhhnabidjan","https:\/\/www.instagram.com\/woodstauhn\/","https:\/\/www.tiktok.com\/@woodstauhn?_t=8eJUQJA9H5K&_r=1"]}]}},"jetpack_sharing_enabled":true,"_links":{"self":[{"href":"https:\/\/woodstauhn.ci\/index.php\/wp-json\/wp\/v2\/product\/345","targetHints":{"allow":["GET"]}}],"collection":[{"href":"https:\/\/woodstauhn.ci\/index.php\/wp-json\/wp\/v2\/product"}],"about":[{"href":"https:\/\/woodstauhn.ci\/index.php\/wp-json\/wp\/v2\/types\/product"}],"replies":[{"embeddable":true,"href":"https:\/\/woodstauhn.ci\/index.php\/wp-json\/wp\/v2\/comments?post=345"}],"wp:featuredmedia":[{"embeddable":true,"href":"https:\/\/woodstauhn.ci\/index.php\/wp-json\/wp\/v2\/media\/339"}],"wp:attachment":[{"href":"https:\/\/woodstauhn.ci\/index.php\/wp-json\/wp\/v2\/media?parent=345"}],"wp:term":[{"taxonomy":"product_brand","embeddable":true,"href":"https:\/\/woodstauhn.ci\/index.php\/wp-json\/wp\/v2\/product_brand?post=345"},{"taxonomy":"product_cat","embeddable":true,"href":"https:\/\/woodstauhn.ci\/index.php\/wp-json\/wp\/v2\/product_cat?post=345"},{"taxonomy":"product_tag","embeddable":true,"href":"https:\/\/woodstauhn.ci\/index.php\/wp-json\/wp\/v2\/product_tag?post=345"}],"curies":[{"name":"wp","href":"https:\/\/api.w.org\/{rel}","templated":true}]}}