{"id":321,"date":"2023-11-30T22:45:16","date_gmt":"2023-11-30T22:45:16","guid":{"rendered":"https:\/\/woodstauhn.ci\/?post_type=product&#038;p=321"},"modified":"2023-11-30T23:02:09","modified_gmt":"2023-11-30T23:02:09","slug":"pergola-robuste","status":"publish","type":"product","link":"https:\/\/woodstauhn.ci\/index.php\/product\/pergola-robuste\/","title":{"rendered":"Pergola Robuste"},"content":{"rendered":"<p>Pergola Robuste \u00e0\u00a0partir de 10m2<\/p>\n","protected":false},"excerpt":{"rendered":"<p>La pergola Robuste est faite d&rsquo;un bois durable. Le bois de base est le dabema et l&rsquo;ASA. Cependant en fonction des disponibilit\u00e9s et de vos gouts, d&rsquo;autres essences peuvent \u00eatre utilis\u00e9es (iroko, Badi, Teck et bien d&rsquo;autres)<\/p>\n<p>La pergola Robuste b\u00e9n\u00e9ficie de base d&rsquo;un vernissage \u00e9tanche garantie 1 an. Des options sont disponibles pour une lasure ou une saturation de plus de 10 ans. Contactez nous pour plus d&rsquo;informations<\/p>\n","protected":false},"featured_media":77,"comment_status":"open","ping_status":"closed","template":"","meta":{"_et_pb_use_builder":"","_et_pb_old_content":"","_et_gb_content_width":""},"product_brand":[],"product_cat":[20],"product_tag":[42],"class_list":{"0":"post-321","1":"product","2":"type-product","3":"status-publish","4":"has-post-thumbnail","6":"product_cat-pergolas","7":"product_tag-pergola","9":"first","10":"instock","11":"shipping-taxable","12":"purchasable","13":"product-type-simple"},"yoast_head":"<!-- This site is optimized with the Yoast SEO plugin v27.5 - https:\/\/yoast.com\/product\/yoast-seo-wordpress\/ -->\n<title>Pergola Robuste - Woodstauhn<\/title>\n<meta name=\"description\" content=\"Optez pour la pergola Robuste, Pergola r\u00e9alisable avec plusieurs essence de bois. Id\u00e9al pour avoir une zone confortable en ext\u00e9rieur.\" \/>\n<meta name=\"robots\" content=\"index, follow, max-snippet:-1, max-image-preview:large, max-video-preview:-1\" \/>\n<link rel=\"canonical\" href=\"https:\/\/woodstauhn.ci\/index.php\/product\/pergola-robuste\/\" \/>\n<meta property=\"og:locale\" content=\"fr_FR\" \/>\n<meta property=\"og:type\" content=\"article\" \/>\n<meta property=\"og:title\" content=\"Pergola Robuste - Woodstauhn\" \/>\n<meta property=\"og:description\" content=\"Optez pour la pergola Robuste, Pergola r\u00e9alisable avec plusieurs essence de bois. Id\u00e9al pour avoir une zone confortable en ext\u00e9rieur.\" \/>\n<meta property=\"og:url\" content=\"https:\/\/woodstauhn.ci\/index.php\/product\/pergola-robuste\/\" \/>\n<meta property=\"og:site_name\" content=\"Woodstauhn\" \/>\n<meta property=\"article:publisher\" content=\"https:\/\/www.facebook.com\/woodstauhhnabidjan\" \/>\n<meta property=\"article:modified_time\" content=\"2023-11-30T23:02:09+00:00\" \/>\n<meta property=\"og:image\" content=\"https:\/\/woodstauhn.ci\/wp-content\/uploads\/2023\/08\/backyard-discovery-12-x-10-pergola.jpg.webp\" \/>\n\t<meta property=\"og:image:width\" content=\"2000\" \/>\n\t<meta property=\"og:image:height\" content=\"2000\" \/>\n\t<meta property=\"og:image:type\" content=\"image\/webp\" \/>\n<meta name=\"twitter:card\" content=\"summary_large_image\" \/>\n<meta name=\"twitter:label1\" content=\"Dur\u00e9e de lecture estim\u00e9e\" \/>\n\t<meta name=\"twitter:data1\" content=\"1 minute\" \/>\n<script type=\"application\/ld+json\" class=\"yoast-schema-graph\">{\"@context\":\"https:\\\/\\\/schema.org\",\"@graph\":[{\"@type\":\"WebPage\",\"@id\":\"https:\\\/\\\/woodstauhn.ci\\\/index.php\\\/product\\\/pergola-robuste\\\/\",\"url\":\"https:\\\/\\\/woodstauhn.ci\\\/index.php\\\/product\\\/pergola-robuste\\\/\",\"name\":\"Pergola Robuste - Woodstauhn\",\"isPartOf\":{\"@id\":\"https:\\\/\\\/woodstauhn.ci\\\/#website\"},\"primaryImageOfPage\":{\"@id\":\"https:\\\/\\\/woodstauhn.ci\\\/index.php\\\/product\\\/pergola-robuste\\\/#primaryimage\"},\"image\":{\"@id\":\"https:\\\/\\\/woodstauhn.ci\\\/index.php\\\/product\\\/pergola-robuste\\\/#primaryimage\"},\"thumbnailUrl\":\"https:\\\/\\\/woodstauhn.ci\\\/wp-content\\\/uploads\\\/2023\\\/08\\\/backyard-discovery-12-x-10-pergola.jpg.webp\",\"datePublished\":\"2023-11-30T22:45:16+00:00\",\"dateModified\":\"2023-11-30T23:02:09+00:00\",\"description\":\"Optez pour la pergola Robuste, Pergola r\u00e9alisable avec plusieurs essence de bois. Id\u00e9al pour avoir une zone confortable en ext\u00e9rieur.\",\"breadcrumb\":{\"@id\":\"https:\\\/\\\/woodstauhn.ci\\\/index.php\\\/product\\\/pergola-robuste\\\/#breadcrumb\"},\"inLanguage\":\"fr-FR\",\"potentialAction\":[{\"@type\":\"ReadAction\",\"target\":[\"https:\\\/\\\/woodstauhn.ci\\\/index.php\\\/product\\\/pergola-robuste\\\/\"]}]},{\"@type\":\"ImageObject\",\"inLanguage\":\"fr-FR\",\"@id\":\"https:\\\/\\\/woodstauhn.ci\\\/index.php\\\/product\\\/pergola-robuste\\\/#primaryimage\",\"url\":\"https:\\\/\\\/woodstauhn.ci\\\/wp-content\\\/uploads\\\/2023\\\/08\\\/backyard-discovery-12-x-10-pergola.jpg.webp\",\"contentUrl\":\"https:\\\/\\\/woodstauhn.ci\\\/wp-content\\\/uploads\\\/2023\\\/08\\\/backyard-discovery-12-x-10-pergola.jpg.webp\",\"width\":2000,\"height\":2000},{\"@type\":\"BreadcrumbList\",\"@id\":\"https:\\\/\\\/woodstauhn.ci\\\/index.php\\\/product\\\/pergola-robuste\\\/#breadcrumb\",\"itemListElement\":[{\"@type\":\"ListItem\",\"position\":1,\"name\":\"Home\",\"item\":\"https:\\\/\\\/woodstauhn.ci\\\/\"},{\"@type\":\"ListItem\",\"position\":2,\"name\":\"Shop\",\"item\":\"https:\\\/\\\/woodstauhn.ci\\\/index.php\\\/shop\\\/\"},{\"@type\":\"ListItem\",\"position\":3,\"name\":\"Pergola Robuste\"}]},{\"@type\":\"WebSite\",\"@id\":\"https:\\\/\\\/woodstauhn.ci\\\/#website\",\"url\":\"https:\\\/\\\/woodstauhn.ci\\\/\",\"name\":\"Woodstauhn.ci\",\"description\":\"La vie commence ici\",\"publisher\":{\"@id\":\"https:\\\/\\\/woodstauhn.ci\\\/#organization\"},\"potentialAction\":[{\"@type\":\"SearchAction\",\"target\":{\"@type\":\"EntryPoint\",\"urlTemplate\":\"https:\\\/\\\/woodstauhn.ci\\\/?s={search_term_string}\"},\"query-input\":{\"@type\":\"PropertyValueSpecification\",\"valueRequired\":true,\"valueName\":\"search_term_string\"}}],\"inLanguage\":\"fr-FR\"},{\"@type\":\"Organization\",\"@id\":\"https:\\\/\\\/woodstauhn.ci\\\/#organization\",\"name\":\"Woodstauhn.ci\",\"url\":\"https:\\\/\\\/woodstauhn.ci\\\/\",\"logo\":{\"@type\":\"ImageObject\",\"inLanguage\":\"fr-FR\",\"@id\":\"https:\\\/\\\/woodstauhn.ci\\\/#\\\/schema\\\/logo\\\/image\\\/\",\"url\":\"https:\\\/\\\/woodstauhn.ci\\\/wp-content\\\/uploads\\\/2023\\\/07\\\/1.png\",\"contentUrl\":\"https:\\\/\\\/woodstauhn.ci\\\/wp-content\\\/uploads\\\/2023\\\/07\\\/1.png\",\"width\":500,\"height\":500,\"caption\":\"Woodstauhn.ci\"},\"image\":{\"@id\":\"https:\\\/\\\/woodstauhn.ci\\\/#\\\/schema\\\/logo\\\/image\\\/\"},\"sameAs\":[\"https:\\\/\\\/www.facebook.com\\\/woodstauhhnabidjan\",\"https:\\\/\\\/www.instagram.com\\\/woodstauhn\\\/\",\"https:\\\/\\\/www.tiktok.com\\\/@woodstauhn?_t=8eJUQJA9H5K&_r=1\"]}]}<\/script>\n<!-- \/ Yoast SEO plugin. -->","yoast_head_json":{"title":"Pergola Robuste - Woodstauhn","description":"Optez pour la pergola Robuste, Pergola r\u00e9alisable avec plusieurs essence de bois. Id\u00e9al pour avoir une zone confortable en ext\u00e9rieur.","robots":{"index":"index","follow":"follow","max-snippet":"max-snippet:-1","max-image-preview":"max-image-preview:large","max-video-preview":"max-video-preview:-1"},"canonical":"https:\/\/woodstauhn.ci\/index.php\/product\/pergola-robuste\/","og_locale":"fr_FR","og_type":"article","og_title":"Pergola Robuste - Woodstauhn","og_description":"Optez pour la pergola Robuste, Pergola r\u00e9alisable avec plusieurs essence de bois. Id\u00e9al pour avoir une zone confortable en ext\u00e9rieur.","og_url":"https:\/\/woodstauhn.ci\/index.php\/product\/pergola-robuste\/","og_site_name":"Woodstauhn","article_publisher":"https:\/\/www.facebook.com\/woodstauhhnabidjan","article_modified_time":"2023-11-30T23:02:09+00:00","og_image":[{"width":2000,"height":2000,"url":"https:\/\/woodstauhn.ci\/wp-content\/uploads\/2023\/08\/backyard-discovery-12-x-10-pergola.jpg.webp","type":"image\/webp"}],"twitter_card":"summary_large_image","twitter_misc":{"Dur\u00e9e de lecture estim\u00e9e":"1 minute"},"schema":{"@context":"https:\/\/schema.org","@graph":[{"@type":"WebPage","@id":"https:\/\/woodstauhn.ci\/index.php\/product\/pergola-robuste\/","url":"https:\/\/woodstauhn.ci\/index.php\/product\/pergola-robuste\/","name":"Pergola Robuste - Woodstauhn","isPartOf":{"@id":"https:\/\/woodstauhn.ci\/#website"},"primaryImageOfPage":{"@id":"https:\/\/woodstauhn.ci\/index.php\/product\/pergola-robuste\/#primaryimage"},"image":{"@id":"https:\/\/woodstauhn.ci\/index.php\/product\/pergola-robuste\/#primaryimage"},"thumbnailUrl":"https:\/\/woodstauhn.ci\/wp-content\/uploads\/2023\/08\/backyard-discovery-12-x-10-pergola.jpg.webp","datePublished":"2023-11-30T22:45:16+00:00","dateModified":"2023-11-30T23:02:09+00:00","description":"Optez pour la pergola Robuste, Pergola r\u00e9alisable avec plusieurs essence de bois. Id\u00e9al pour avoir une zone confortable en ext\u00e9rieur.","breadcrumb":{"@id":"https:\/\/woodstauhn.ci\/index.php\/product\/pergola-robuste\/#breadcrumb"},"inLanguage":"fr-FR","potentialAction":[{"@type":"ReadAction","target":["https:\/\/woodstauhn.ci\/index.php\/product\/pergola-robuste\/"]}]},{"@type":"ImageObject","inLanguage":"fr-FR","@id":"https:\/\/woodstauhn.ci\/index.php\/product\/pergola-robuste\/#primaryimage","url":"https:\/\/woodstauhn.ci\/wp-content\/uploads\/2023\/08\/backyard-discovery-12-x-10-pergola.jpg.webp","contentUrl":"https:\/\/woodstauhn.ci\/wp-content\/uploads\/2023\/08\/backyard-discovery-12-x-10-pergola.jpg.webp","width":2000,"height":2000},{"@type":"BreadcrumbList","@id":"https:\/\/woodstauhn.ci\/index.php\/product\/pergola-robuste\/#breadcrumb","itemListElement":[{"@type":"ListItem","position":1,"name":"Home","item":"https:\/\/woodstauhn.ci\/"},{"@type":"ListItem","position":2,"name":"Shop","item":"https:\/\/woodstauhn.ci\/index.php\/shop\/"},{"@type":"ListItem","position":3,"name":"Pergola Robuste"}]},{"@type":"WebSite","@id":"https:\/\/woodstauhn.ci\/#website","url":"https:\/\/woodstauhn.ci\/","name":"Woodstauhn.ci","description":"La vie commence ici","publisher":{"@id":"https:\/\/woodstauhn.ci\/#organization"},"potentialAction":[{"@type":"SearchAction","target":{"@type":"EntryPoint","urlTemplate":"https:\/\/woodstauhn.ci\/?s={search_term_string}"},"query-input":{"@type":"PropertyValueSpecification","valueRequired":true,"valueName":"search_term_string"}}],"inLanguage":"fr-FR"},{"@type":"Organization","@id":"https:\/\/woodstauhn.ci\/#organization","name":"Woodstauhn.ci","url":"https:\/\/woodstauhn.ci\/","logo":{"@type":"ImageObject","inLanguage":"fr-FR","@id":"https:\/\/woodstauhn.ci\/#\/schema\/logo\/image\/","url":"https:\/\/woodstauhn.ci\/wp-content\/uploads\/2023\/07\/1.png","contentUrl":"https:\/\/woodstauhn.ci\/wp-content\/uploads\/2023\/07\/1.png","width":500,"height":500,"caption":"Woodstauhn.ci"},"image":{"@id":"https:\/\/woodstauhn.ci\/#\/schema\/logo\/image\/"},"sameAs":["https:\/\/www.facebook.com\/woodstauhhnabidjan","https:\/\/www.instagram.com\/woodstauhn\/","https:\/\/www.tiktok.com\/@woodstauhn?_t=8eJUQJA9H5K&_r=1"]}]}},"jetpack_sharing_enabled":true,"_links":{"self":[{"href":"https:\/\/woodstauhn.ci\/index.php\/wp-json\/wp\/v2\/product\/321","targetHints":{"allow":["GET"]}}],"collection":[{"href":"https:\/\/woodstauhn.ci\/index.php\/wp-json\/wp\/v2\/product"}],"about":[{"href":"https:\/\/woodstauhn.ci\/index.php\/wp-json\/wp\/v2\/types\/product"}],"replies":[{"embeddable":true,"href":"https:\/\/woodstauhn.ci\/index.php\/wp-json\/wp\/v2\/comments?post=321"}],"wp:featuredmedia":[{"embeddable":true,"href":"https:\/\/woodstauhn.ci\/index.php\/wp-json\/wp\/v2\/media\/77"}],"wp:attachment":[{"href":"https:\/\/woodstauhn.ci\/index.php\/wp-json\/wp\/v2\/media?parent=321"}],"wp:term":[{"taxonomy":"product_brand","embeddable":true,"href":"https:\/\/woodstauhn.ci\/index.php\/wp-json\/wp\/v2\/product_brand?post=321"},{"taxonomy":"product_cat","embeddable":true,"href":"https:\/\/woodstauhn.ci\/index.php\/wp-json\/wp\/v2\/product_cat?post=321"},{"taxonomy":"product_tag","embeddable":true,"href":"https:\/\/woodstauhn.ci\/index.php\/wp-json\/wp\/v2\/product_tag?post=321"}],"curies":[{"name":"wp","href":"https:\/\/api.w.org\/{rel}","templated":true}]}}