{"id":294,"date":"2023-11-30T21:39:36","date_gmt":"2023-11-30T21:39:36","guid":{"rendered":"https:\/\/woodstauhn.ci\/?post_type=product&#038;p=294"},"modified":"2023-11-30T22:41:49","modified_gmt":"2023-11-30T22:41:49","slug":"pergola-zeya","status":"publish","type":"product","link":"https:\/\/woodstauhn.ci\/index.php\/product\/pergola-zeya\/","title":{"rendered":"Pergola Zeya"},"content":{"rendered":"<p>Pergola Zeya a partir de 10m2<\/p>\n","protected":false},"excerpt":{"rendered":"<p>La pergola Zeya est faite d&rsquo;un bois durable. Le bois de base est le dabema et l&rsquo;ASA. Cependant en fonction des disponibilit\u00e9s des essences plus nobles peuvent etre utilis\u00e9es (iroko, Badi, Teck et bien d&rsquo;autres)<\/p>\n<p>La pergola Zeya b\u00e9n\u00e9ficie de base d&rsquo;un vernissage \u00e9tanche garantie 1 an. Des options sont disponibles pour une lasure ou une saturation de plus de 10 ans. Contactez nous pour plus d&rsquo;informations<\/p>\n","protected":false},"featured_media":80,"comment_status":"open","ping_status":"closed","template":"","meta":{"_et_pb_use_builder":"","_et_pb_old_content":"","_et_gb_content_width":""},"product_brand":[],"product_cat":[20],"product_tag":[42],"class_list":{"0":"post-294","1":"product","2":"type-product","3":"status-publish","4":"has-post-thumbnail","6":"product_cat-pergolas","7":"product_tag-pergola","9":"first","10":"instock","11":"shipping-taxable","12":"purchasable","13":"product-type-simple"},"yoast_head":"<!-- This site is optimized with the Yoast SEO plugin v27.5 - https:\/\/yoast.com\/product\/yoast-seo-wordpress\/ -->\n<title>Pergola Zeya - Woodstauhn<\/title>\n<meta name=\"description\" content=\"Optez pour la pergola Zeya, Pergola r\u00e9alisable avec plusieurs essence de bois. Id\u00e9al pour avoir une zone confortable en ext\u00e9rieur.\" \/>\n<meta name=\"robots\" content=\"index, follow, max-snippet:-1, max-image-preview:large, max-video-preview:-1\" \/>\n<link rel=\"canonical\" href=\"https:\/\/woodstauhn.ci\/index.php\/product\/pergola-zeya\/\" \/>\n<meta property=\"og:locale\" content=\"fr_FR\" \/>\n<meta property=\"og:type\" content=\"article\" \/>\n<meta property=\"og:title\" content=\"Pergola Zeya - Woodstauhn\" \/>\n<meta property=\"og:description\" content=\"Optez pour la pergola Zeya, Pergola r\u00e9alisable avec plusieurs essence de bois. Id\u00e9al pour avoir une zone confortable en ext\u00e9rieur.\" \/>\n<meta property=\"og:url\" content=\"https:\/\/woodstauhn.ci\/index.php\/product\/pergola-zeya\/\" \/>\n<meta property=\"og:site_name\" content=\"Woodstauhn\" \/>\n<meta property=\"article:publisher\" content=\"https:\/\/www.facebook.com\/woodstauhhnabidjan\" \/>\n<meta property=\"article:modified_time\" content=\"2023-11-30T22:41:49+00:00\" \/>\n<meta property=\"og:image\" content=\"https:\/\/woodstauhn.ci\/wp-content\/uploads\/2023\/08\/IMG_4720.jpg\" \/>\n\t<meta property=\"og:image:width\" content=\"667\" \/>\n\t<meta property=\"og:image:height\" content=\"1000\" \/>\n\t<meta property=\"og:image:type\" content=\"image\/jpeg\" \/>\n<meta name=\"twitter:card\" content=\"summary_large_image\" \/>\n<meta name=\"twitter:label1\" content=\"Dur\u00e9e de lecture estim\u00e9e\" \/>\n\t<meta name=\"twitter:data1\" content=\"1 minute\" \/>\n<script type=\"application\/ld+json\" class=\"yoast-schema-graph\">{\"@context\":\"https:\\\/\\\/schema.org\",\"@graph\":[{\"@type\":\"WebPage\",\"@id\":\"https:\\\/\\\/woodstauhn.ci\\\/index.php\\\/product\\\/pergola-zeya\\\/\",\"url\":\"https:\\\/\\\/woodstauhn.ci\\\/index.php\\\/product\\\/pergola-zeya\\\/\",\"name\":\"Pergola Zeya - Woodstauhn\",\"isPartOf\":{\"@id\":\"https:\\\/\\\/woodstauhn.ci\\\/#website\"},\"primaryImageOfPage\":{\"@id\":\"https:\\\/\\\/woodstauhn.ci\\\/index.php\\\/product\\\/pergola-zeya\\\/#primaryimage\"},\"image\":{\"@id\":\"https:\\\/\\\/woodstauhn.ci\\\/index.php\\\/product\\\/pergola-zeya\\\/#primaryimage\"},\"thumbnailUrl\":\"https:\\\/\\\/woodstauhn.ci\\\/wp-content\\\/uploads\\\/2023\\\/08\\\/IMG_4720.jpg\",\"datePublished\":\"2023-11-30T21:39:36+00:00\",\"dateModified\":\"2023-11-30T22:41:49+00:00\",\"description\":\"Optez pour la pergola Zeya, Pergola r\u00e9alisable avec plusieurs essence de bois. Id\u00e9al pour avoir une zone confortable en ext\u00e9rieur.\",\"breadcrumb\":{\"@id\":\"https:\\\/\\\/woodstauhn.ci\\\/index.php\\\/product\\\/pergola-zeya\\\/#breadcrumb\"},\"inLanguage\":\"fr-FR\",\"potentialAction\":[{\"@type\":\"ReadAction\",\"target\":[\"https:\\\/\\\/woodstauhn.ci\\\/index.php\\\/product\\\/pergola-zeya\\\/\"]}]},{\"@type\":\"ImageObject\",\"inLanguage\":\"fr-FR\",\"@id\":\"https:\\\/\\\/woodstauhn.ci\\\/index.php\\\/product\\\/pergola-zeya\\\/#primaryimage\",\"url\":\"https:\\\/\\\/woodstauhn.ci\\\/wp-content\\\/uploads\\\/2023\\\/08\\\/IMG_4720.jpg\",\"contentUrl\":\"https:\\\/\\\/woodstauhn.ci\\\/wp-content\\\/uploads\\\/2023\\\/08\\\/IMG_4720.jpg\",\"width\":667,\"height\":1000},{\"@type\":\"BreadcrumbList\",\"@id\":\"https:\\\/\\\/woodstauhn.ci\\\/index.php\\\/product\\\/pergola-zeya\\\/#breadcrumb\",\"itemListElement\":[{\"@type\":\"ListItem\",\"position\":1,\"name\":\"Home\",\"item\":\"https:\\\/\\\/woodstauhn.ci\\\/\"},{\"@type\":\"ListItem\",\"position\":2,\"name\":\"Shop\",\"item\":\"https:\\\/\\\/woodstauhn.ci\\\/index.php\\\/shop\\\/\"},{\"@type\":\"ListItem\",\"position\":3,\"name\":\"Pergola Zeya\"}]},{\"@type\":\"WebSite\",\"@id\":\"https:\\\/\\\/woodstauhn.ci\\\/#website\",\"url\":\"https:\\\/\\\/woodstauhn.ci\\\/\",\"name\":\"Woodstauhn.ci\",\"description\":\"La vie commence ici\",\"publisher\":{\"@id\":\"https:\\\/\\\/woodstauhn.ci\\\/#organization\"},\"potentialAction\":[{\"@type\":\"SearchAction\",\"target\":{\"@type\":\"EntryPoint\",\"urlTemplate\":\"https:\\\/\\\/woodstauhn.ci\\\/?s={search_term_string}\"},\"query-input\":{\"@type\":\"PropertyValueSpecification\",\"valueRequired\":true,\"valueName\":\"search_term_string\"}}],\"inLanguage\":\"fr-FR\"},{\"@type\":\"Organization\",\"@id\":\"https:\\\/\\\/woodstauhn.ci\\\/#organization\",\"name\":\"Woodstauhn.ci\",\"url\":\"https:\\\/\\\/woodstauhn.ci\\\/\",\"logo\":{\"@type\":\"ImageObject\",\"inLanguage\":\"fr-FR\",\"@id\":\"https:\\\/\\\/woodstauhn.ci\\\/#\\\/schema\\\/logo\\\/image\\\/\",\"url\":\"https:\\\/\\\/woodstauhn.ci\\\/wp-content\\\/uploads\\\/2023\\\/07\\\/1.png\",\"contentUrl\":\"https:\\\/\\\/woodstauhn.ci\\\/wp-content\\\/uploads\\\/2023\\\/07\\\/1.png\",\"width\":500,\"height\":500,\"caption\":\"Woodstauhn.ci\"},\"image\":{\"@id\":\"https:\\\/\\\/woodstauhn.ci\\\/#\\\/schema\\\/logo\\\/image\\\/\"},\"sameAs\":[\"https:\\\/\\\/www.facebook.com\\\/woodstauhhnabidjan\",\"https:\\\/\\\/www.instagram.com\\\/woodstauhn\\\/\",\"https:\\\/\\\/www.tiktok.com\\\/@woodstauhn?_t=8eJUQJA9H5K&_r=1\"]}]}<\/script>\n<!-- \/ Yoast SEO plugin. -->","yoast_head_json":{"title":"Pergola Zeya - Woodstauhn","description":"Optez pour la pergola Zeya, Pergola r\u00e9alisable avec plusieurs essence de bois. Id\u00e9al pour avoir une zone confortable en ext\u00e9rieur.","robots":{"index":"index","follow":"follow","max-snippet":"max-snippet:-1","max-image-preview":"max-image-preview:large","max-video-preview":"max-video-preview:-1"},"canonical":"https:\/\/woodstauhn.ci\/index.php\/product\/pergola-zeya\/","og_locale":"fr_FR","og_type":"article","og_title":"Pergola Zeya - Woodstauhn","og_description":"Optez pour la pergola Zeya, Pergola r\u00e9alisable avec plusieurs essence de bois. Id\u00e9al pour avoir une zone confortable en ext\u00e9rieur.","og_url":"https:\/\/woodstauhn.ci\/index.php\/product\/pergola-zeya\/","og_site_name":"Woodstauhn","article_publisher":"https:\/\/www.facebook.com\/woodstauhhnabidjan","article_modified_time":"2023-11-30T22:41:49+00:00","og_image":[{"width":667,"height":1000,"url":"https:\/\/woodstauhn.ci\/wp-content\/uploads\/2023\/08\/IMG_4720.jpg","type":"image\/jpeg"}],"twitter_card":"summary_large_image","twitter_misc":{"Dur\u00e9e de lecture estim\u00e9e":"1 minute"},"schema":{"@context":"https:\/\/schema.org","@graph":[{"@type":"WebPage","@id":"https:\/\/woodstauhn.ci\/index.php\/product\/pergola-zeya\/","url":"https:\/\/woodstauhn.ci\/index.php\/product\/pergola-zeya\/","name":"Pergola Zeya - Woodstauhn","isPartOf":{"@id":"https:\/\/woodstauhn.ci\/#website"},"primaryImageOfPage":{"@id":"https:\/\/woodstauhn.ci\/index.php\/product\/pergola-zeya\/#primaryimage"},"image":{"@id":"https:\/\/woodstauhn.ci\/index.php\/product\/pergola-zeya\/#primaryimage"},"thumbnailUrl":"https:\/\/woodstauhn.ci\/wp-content\/uploads\/2023\/08\/IMG_4720.jpg","datePublished":"2023-11-30T21:39:36+00:00","dateModified":"2023-11-30T22:41:49+00:00","description":"Optez pour la pergola Zeya, Pergola r\u00e9alisable avec plusieurs essence de bois. Id\u00e9al pour avoir une zone confortable en ext\u00e9rieur.","breadcrumb":{"@id":"https:\/\/woodstauhn.ci\/index.php\/product\/pergola-zeya\/#breadcrumb"},"inLanguage":"fr-FR","potentialAction":[{"@type":"ReadAction","target":["https:\/\/woodstauhn.ci\/index.php\/product\/pergola-zeya\/"]}]},{"@type":"ImageObject","inLanguage":"fr-FR","@id":"https:\/\/woodstauhn.ci\/index.php\/product\/pergola-zeya\/#primaryimage","url":"https:\/\/woodstauhn.ci\/wp-content\/uploads\/2023\/08\/IMG_4720.jpg","contentUrl":"https:\/\/woodstauhn.ci\/wp-content\/uploads\/2023\/08\/IMG_4720.jpg","width":667,"height":1000},{"@type":"BreadcrumbList","@id":"https:\/\/woodstauhn.ci\/index.php\/product\/pergola-zeya\/#breadcrumb","itemListElement":[{"@type":"ListItem","position":1,"name":"Home","item":"https:\/\/woodstauhn.ci\/"},{"@type":"ListItem","position":2,"name":"Shop","item":"https:\/\/woodstauhn.ci\/index.php\/shop\/"},{"@type":"ListItem","position":3,"name":"Pergola Zeya"}]},{"@type":"WebSite","@id":"https:\/\/woodstauhn.ci\/#website","url":"https:\/\/woodstauhn.ci\/","name":"Woodstauhn.ci","description":"La vie commence ici","publisher":{"@id":"https:\/\/woodstauhn.ci\/#organization"},"potentialAction":[{"@type":"SearchAction","target":{"@type":"EntryPoint","urlTemplate":"https:\/\/woodstauhn.ci\/?s={search_term_string}"},"query-input":{"@type":"PropertyValueSpecification","valueRequired":true,"valueName":"search_term_string"}}],"inLanguage":"fr-FR"},{"@type":"Organization","@id":"https:\/\/woodstauhn.ci\/#organization","name":"Woodstauhn.ci","url":"https:\/\/woodstauhn.ci\/","logo":{"@type":"ImageObject","inLanguage":"fr-FR","@id":"https:\/\/woodstauhn.ci\/#\/schema\/logo\/image\/","url":"https:\/\/woodstauhn.ci\/wp-content\/uploads\/2023\/07\/1.png","contentUrl":"https:\/\/woodstauhn.ci\/wp-content\/uploads\/2023\/07\/1.png","width":500,"height":500,"caption":"Woodstauhn.ci"},"image":{"@id":"https:\/\/woodstauhn.ci\/#\/schema\/logo\/image\/"},"sameAs":["https:\/\/www.facebook.com\/woodstauhhnabidjan","https:\/\/www.instagram.com\/woodstauhn\/","https:\/\/www.tiktok.com\/@woodstauhn?_t=8eJUQJA9H5K&_r=1"]}]}},"jetpack_sharing_enabled":true,"_links":{"self":[{"href":"https:\/\/woodstauhn.ci\/index.php\/wp-json\/wp\/v2\/product\/294","targetHints":{"allow":["GET"]}}],"collection":[{"href":"https:\/\/woodstauhn.ci\/index.php\/wp-json\/wp\/v2\/product"}],"about":[{"href":"https:\/\/woodstauhn.ci\/index.php\/wp-json\/wp\/v2\/types\/product"}],"replies":[{"embeddable":true,"href":"https:\/\/woodstauhn.ci\/index.php\/wp-json\/wp\/v2\/comments?post=294"}],"wp:featuredmedia":[{"embeddable":true,"href":"https:\/\/woodstauhn.ci\/index.php\/wp-json\/wp\/v2\/media\/80"}],"wp:attachment":[{"href":"https:\/\/woodstauhn.ci\/index.php\/wp-json\/wp\/v2\/media?parent=294"}],"wp:term":[{"taxonomy":"product_brand","embeddable":true,"href":"https:\/\/woodstauhn.ci\/index.php\/wp-json\/wp\/v2\/product_brand?post=294"},{"taxonomy":"product_cat","embeddable":true,"href":"https:\/\/woodstauhn.ci\/index.php\/wp-json\/wp\/v2\/product_cat?post=294"},{"taxonomy":"product_tag","embeddable":true,"href":"https:\/\/woodstauhn.ci\/index.php\/wp-json\/wp\/v2\/product_tag?post=294"}],"curies":[{"name":"wp","href":"https:\/\/api.w.org\/{rel}","templated":true}]}}