{"id":1447,"date":"2024-12-02T17:03:23","date_gmt":"2024-12-02T17:03:23","guid":{"rendered":"https:\/\/woodstauhn.ci\/?page_id=1447"},"modified":"2024-12-02T17:21:05","modified_gmt":"2024-12-02T17:21:05","slug":"devis","status":"publish","type":"page","link":"https:\/\/woodstauhn.ci\/index.php\/devis\/","title":{"rendered":"Obtenir un devis"},"content":{"rendered":"<p>[et_pb_section fb_built=\u00a0\u00bb1&Prime; theme_builder_area=\u00a0\u00bbpost_content\u00a0\u00bb _builder_version=\u00a0\u00bb4.27.0&Prime; _module_preset=\u00a0\u00bbdefault\u00a0\u00bb][et_pb_row _builder_version=\u00a0\u00bb4.27.0&Prime; _module_preset=\u00a0\u00bbdefault\u00a0\u00bb theme_builder_area=\u00a0\u00bbpost_content\u00a0\u00bb][et_pb_column _builder_version=\u00a0\u00bb4.27.0&Prime; _module_preset=\u00a0\u00bbdefault\u00a0\u00bb type=\u00a0\u00bb4_4&Prime; theme_builder_area=\u00a0\u00bbpost_content\u00a0\u00bb][et_pb_contact_form _builder_version=\u00a0\u00bb4.27.0&Prime; _module_preset=\u00a0\u00bbdefault\u00a0\u00bb _unique_id=\u00a0\u00bb22fe83a0-bcea-4548-b2f0-9aafa8260a41&Prime; theme_builder_area=\u00a0\u00bbpost_content\u00a0\u00bb hover_enabled=\u00a0\u00bb0&Prime; sticky_enabled=\u00a0\u00bb0&Prime; title=\u00a0\u00bbObtenir un Devis\u00a0\u00bb success_message=\u00a0\u00bbDemande envoy\u00e9e avec succ\u00e8s\u00a0\u00bb submit_button_text=\u00a0\u00bbEnvoyer\u00a0\u00bb email=\u00a0\u00bbwoodstauhn@gmail.com\u00a0\u00bb captcha=\u00a0\u00bboff\u00a0\u00bb][et_pb_contact_field field_id=\u00a0\u00bbName\u00a0\u00bb field_title=\u00a0\u00bbNom\u00a0\u00bb _builder_version=\u00a0\u00bb4.16&Prime; global_colors_info=\u00a0\u00bb{}\u00a0\u00bb button_text_size__hover_enabled=\u00a0\u00bboff\u00a0\u00bb button_one_text_size__hover_enabled=\u00a0\u00bboff\u00a0\u00bb button_two_text_size__hover_enabled=\u00a0\u00bboff\u00a0\u00bb button_text_color__hover_enabled=\u00a0\u00bboff\u00a0\u00bb button_one_text_color__hover_enabled=\u00a0\u00bboff\u00a0\u00bb button_two_text_color__hover_enabled=\u00a0\u00bboff\u00a0\u00bb button_border_width__hover_enabled=\u00a0\u00bboff\u00a0\u00bb button_one_border_width__hover_enabled=\u00a0\u00bboff\u00a0\u00bb button_two_border_width__hover_enabled=\u00a0\u00bboff\u00a0\u00bb button_border_color__hover_enabled=\u00a0\u00bboff\u00a0\u00bb button_one_border_color__hover_enabled=\u00a0\u00bboff\u00a0\u00bb button_two_border_color__hover_enabled=\u00a0\u00bboff\u00a0\u00bb button_border_radius__hover_enabled=\u00a0\u00bboff\u00a0\u00bb button_one_border_radius__hover_enabled=\u00a0\u00bboff\u00a0\u00bb button_two_border_radius__hover_enabled=\u00a0\u00bboff\u00a0\u00bb button_letter_spacing__hover_enabled=\u00a0\u00bboff\u00a0\u00bb button_one_letter_spacing__hover_enabled=\u00a0\u00bboff\u00a0\u00bb button_two_letter_spacing__hover_enabled=\u00a0\u00bboff\u00a0\u00bb button_bg_color__hover_enabled=\u00a0\u00bboff\u00a0\u00bb button_one_bg_color__hover_enabled=\u00a0\u00bboff\u00a0\u00bb button_two_bg_color__hover_enabled=\u00a0\u00bboff\u00a0\u00bb theme_builder_area=\u00a0\u00bbpost_content\u00a0\u00bb][\/et_pb_contact_field][et_pb_contact_field field_id=\u00a0\u00bbPhone\u00a0\u00bb field_title=\u00a0\u00bbNum\u00e9ro de t\u00e9l\u00e9phone \u00a0\u00bb field_type=\u00a0\u00bbemail\u00a0\u00bb _builder_version=\u00a0\u00bb4.27.0&Prime; hover_enabled=\u00a0\u00bb0&Prime; global_colors_info=\u00a0\u00bb{}\u00a0\u00bb button_text_size__hover_enabled=\u00a0\u00bboff\u00a0\u00bb button_one_text_size__hover_enabled=\u00a0\u00bboff\u00a0\u00bb button_two_text_size__hover_enabled=\u00a0\u00bboff\u00a0\u00bb button_text_color__hover_enabled=\u00a0\u00bboff\u00a0\u00bb button_one_text_color__hover_enabled=\u00a0\u00bboff\u00a0\u00bb button_two_text_color__hover_enabled=\u00a0\u00bboff\u00a0\u00bb button_border_width__hover_enabled=\u00a0\u00bboff\u00a0\u00bb button_one_border_width__hover_enabled=\u00a0\u00bboff\u00a0\u00bb button_two_border_width__hover_enabled=\u00a0\u00bboff\u00a0\u00bb button_border_color__hover_enabled=\u00a0\u00bboff\u00a0\u00bb button_one_border_color__hover_enabled=\u00a0\u00bboff\u00a0\u00bb button_two_border_color__hover_enabled=\u00a0\u00bboff\u00a0\u00bb button_border_radius__hover_enabled=\u00a0\u00bboff\u00a0\u00bb button_one_border_radius__hover_enabled=\u00a0\u00bboff\u00a0\u00bb button_two_border_radius__hover_enabled=\u00a0\u00bboff\u00a0\u00bb button_letter_spacing__hover_enabled=\u00a0\u00bboff\u00a0\u00bb button_one_letter_spacing__hover_enabled=\u00a0\u00bboff\u00a0\u00bb button_two_letter_spacing__hover_enabled=\u00a0\u00bboff\u00a0\u00bb button_bg_color__hover_enabled=\u00a0\u00bboff\u00a0\u00bb button_one_bg_color__hover_enabled=\u00a0\u00bboff\u00a0\u00bb button_two_bg_color__hover_enabled=\u00a0\u00bboff\u00a0\u00bb theme_builder_area=\u00a0\u00bbpost_content\u00a0\u00bb sticky_enabled=\u00a0\u00bb0&Prime;][\/et_pb_contact_field][et_pb_contact_field field_id=\u00a0\u00bbEmail\u00a0\u00bb field_title=\u00a0\u00bbAdresse e-mail\u00a0\u00bb field_type=\u00a0\u00bbemail\u00a0\u00bb _builder_version=\u00a0\u00bb4.16&Prime; global_colors_info=\u00a0\u00bb{}\u00a0\u00bb button_text_size__hover_enabled=\u00a0\u00bboff\u00a0\u00bb button_one_text_size__hover_enabled=\u00a0\u00bboff\u00a0\u00bb button_two_text_size__hover_enabled=\u00a0\u00bboff\u00a0\u00bb button_text_color__hover_enabled=\u00a0\u00bboff\u00a0\u00bb button_one_text_color__hover_enabled=\u00a0\u00bboff\u00a0\u00bb button_two_text_color__hover_enabled=\u00a0\u00bboff\u00a0\u00bb button_border_width__hover_enabled=\u00a0\u00bboff\u00a0\u00bb button_one_border_width__hover_enabled=\u00a0\u00bboff\u00a0\u00bb button_two_border_width__hover_enabled=\u00a0\u00bboff\u00a0\u00bb button_border_color__hover_enabled=\u00a0\u00bboff\u00a0\u00bb button_one_border_color__hover_enabled=\u00a0\u00bboff\u00a0\u00bb button_two_border_color__hover_enabled=\u00a0\u00bboff\u00a0\u00bb button_border_radius__hover_enabled=\u00a0\u00bboff\u00a0\u00bb button_one_border_radius__hover_enabled=\u00a0\u00bboff\u00a0\u00bb button_two_border_radius__hover_enabled=\u00a0\u00bboff\u00a0\u00bb button_letter_spacing__hover_enabled=\u00a0\u00bboff\u00a0\u00bb button_one_letter_spacing__hover_enabled=\u00a0\u00bboff\u00a0\u00bb button_two_letter_spacing__hover_enabled=\u00a0\u00bboff\u00a0\u00bb button_bg_color__hover_enabled=\u00a0\u00bboff\u00a0\u00bb button_one_bg_color__hover_enabled=\u00a0\u00bboff\u00a0\u00bb button_two_bg_color__hover_enabled=\u00a0\u00bboff\u00a0\u00bb theme_builder_area=\u00a0\u00bbpost_content\u00a0\u00bb][\/et_pb_contact_field][et_pb_contact_field field_id=\u00a0\u00bbMessage\u00a0\u00bb field_title=\u00a0\u00bbQue d\u00e9sirez vous ? (type de produit, dimensions, mat\u00e9riaux, etc.)\u00a0\u00bb field_type=\u00a0\u00bbtext\u00a0\u00bb fullwidth_field=\u00a0\u00bbon\u00a0\u00bb _builder_version=\u00a0\u00bb4.27.0&Prime; hover_enabled=\u00a0\u00bb0&Prime; global_colors_info=\u00a0\u00bb{}\u00a0\u00bb button_text_size__hover_enabled=\u00a0\u00bboff\u00a0\u00bb button_one_text_size__hover_enabled=\u00a0\u00bboff\u00a0\u00bb button_two_text_size__hover_enabled=\u00a0\u00bboff\u00a0\u00bb button_text_color__hover_enabled=\u00a0\u00bboff\u00a0\u00bb button_one_text_color__hover_enabled=\u00a0\u00bboff\u00a0\u00bb button_two_text_color__hover_enabled=\u00a0\u00bboff\u00a0\u00bb button_border_width__hover_enabled=\u00a0\u00bboff\u00a0\u00bb button_one_border_width__hover_enabled=\u00a0\u00bboff\u00a0\u00bb button_two_border_width__hover_enabled=\u00a0\u00bboff\u00a0\u00bb button_border_color__hover_enabled=\u00a0\u00bboff\u00a0\u00bb button_one_border_color__hover_enabled=\u00a0\u00bboff\u00a0\u00bb button_two_border_color__hover_enabled=\u00a0\u00bboff\u00a0\u00bb button_border_radius__hover_enabled=\u00a0\u00bboff\u00a0\u00bb button_one_border_radius__hover_enabled=\u00a0\u00bboff\u00a0\u00bb button_two_border_radius__hover_enabled=\u00a0\u00bboff\u00a0\u00bb button_letter_spacing__hover_enabled=\u00a0\u00bboff\u00a0\u00bb button_one_letter_spacing__hover_enabled=\u00a0\u00bboff\u00a0\u00bb button_two_letter_spacing__hover_enabled=\u00a0\u00bboff\u00a0\u00bb button_bg_color__hover_enabled=\u00a0\u00bboff\u00a0\u00bb button_one_bg_color__hover_enabled=\u00a0\u00bboff\u00a0\u00bb button_two_bg_color__hover_enabled=\u00a0\u00bboff\u00a0\u00bb theme_builder_area=\u00a0\u00bbpost_content\u00a0\u00bb sticky_enabled=\u00a0\u00bb0&Prime;][\/et_pb_contact_field][\/et_pb_contact_form][\/et_pb_column][\/et_pb_row][\/et_pb_section]<\/p>\n","protected":false},"excerpt":{"rendered":"","protected":false},"author":1,"featured_media":0,"parent":0,"menu_order":0,"comment_status":"closed","ping_status":"closed","template":"","meta":{"_et_pb_use_builder":"on","_et_pb_old_content":"","_et_gb_content_width":"","footnotes":""},"class_list":["post-1447","page","type-page","status-publish","hentry"],"yoast_head":"<!-- This site is optimized with the Yoast SEO plugin v27.5 - https:\/\/yoast.com\/product\/yoast-seo-wordpress\/ -->\n<title>Obtenir un devis - Woodstauhn<\/title>\n<meta name=\"description\" content=\"obtenez un devis rapide maintenant. Construction de votre r\u00e9sidence en ossature bois, pergola, terrasses etc\" \/>\n<meta name=\"robots\" content=\"index, follow, max-snippet:-1, max-image-preview:large, max-video-preview:-1\" \/>\n<link rel=\"canonical\" href=\"https:\/\/woodstauhn.ci\/index.php\/devis\/\" \/>\n<meta property=\"og:locale\" content=\"fr_FR\" \/>\n<meta property=\"og:type\" content=\"article\" \/>\n<meta property=\"og:title\" content=\"Obtenir un devis - Woodstauhn\" \/>\n<meta property=\"og:description\" content=\"obtenez un devis rapide maintenant. Construction de votre r\u00e9sidence en ossature bois, pergola, terrasses etc\" \/>\n<meta property=\"og:url\" content=\"https:\/\/woodstauhn.ci\/index.php\/devis\/\" \/>\n<meta property=\"og:site_name\" content=\"Woodstauhn\" \/>\n<meta property=\"article:publisher\" content=\"https:\/\/www.facebook.com\/woodstauhhnabidjan\" \/>\n<meta property=\"article:modified_time\" content=\"2024-12-02T17:21:05+00:00\" \/>\n<meta name=\"twitter:card\" content=\"summary_large_image\" \/>\n<script type=\"application\/ld+json\" class=\"yoast-schema-graph\">{\"@context\":\"https:\\\/\\\/schema.org\",\"@graph\":[{\"@type\":\"WebPage\",\"@id\":\"https:\\\/\\\/woodstauhn.ci\\\/index.php\\\/devis\\\/\",\"url\":\"https:\\\/\\\/woodstauhn.ci\\\/index.php\\\/devis\\\/\",\"name\":\"Obtenir un devis - Woodstauhn\",\"isPartOf\":{\"@id\":\"https:\\\/\\\/woodstauhn.ci\\\/#website\"},\"datePublished\":\"2024-12-02T17:03:23+00:00\",\"dateModified\":\"2024-12-02T17:21:05+00:00\",\"description\":\"obtenez un devis rapide maintenant. Construction de votre r\u00e9sidence en ossature bois, pergola, terrasses etc\",\"breadcrumb\":{\"@id\":\"https:\\\/\\\/woodstauhn.ci\\\/index.php\\\/devis\\\/#breadcrumb\"},\"inLanguage\":\"fr-FR\",\"potentialAction\":[{\"@type\":\"ReadAction\",\"target\":[\"https:\\\/\\\/woodstauhn.ci\\\/index.php\\\/devis\\\/\"]}]},{\"@type\":\"BreadcrumbList\",\"@id\":\"https:\\\/\\\/woodstauhn.ci\\\/index.php\\\/devis\\\/#breadcrumb\",\"itemListElement\":[{\"@type\":\"ListItem\",\"position\":1,\"name\":\"Home\",\"item\":\"https:\\\/\\\/woodstauhn.ci\\\/\"},{\"@type\":\"ListItem\",\"position\":2,\"name\":\"Obtenir un devis\"}]},{\"@type\":\"WebSite\",\"@id\":\"https:\\\/\\\/woodstauhn.ci\\\/#website\",\"url\":\"https:\\\/\\\/woodstauhn.ci\\\/\",\"name\":\"Woodstauhn.ci\",\"description\":\"La vie commence ici\",\"publisher\":{\"@id\":\"https:\\\/\\\/woodstauhn.ci\\\/#organization\"},\"potentialAction\":[{\"@type\":\"SearchAction\",\"target\":{\"@type\":\"EntryPoint\",\"urlTemplate\":\"https:\\\/\\\/woodstauhn.ci\\\/?s={search_term_string}\"},\"query-input\":{\"@type\":\"PropertyValueSpecification\",\"valueRequired\":true,\"valueName\":\"search_term_string\"}}],\"inLanguage\":\"fr-FR\"},{\"@type\":\"Organization\",\"@id\":\"https:\\\/\\\/woodstauhn.ci\\\/#organization\",\"name\":\"Woodstauhn.ci\",\"url\":\"https:\\\/\\\/woodstauhn.ci\\\/\",\"logo\":{\"@type\":\"ImageObject\",\"inLanguage\":\"fr-FR\",\"@id\":\"https:\\\/\\\/woodstauhn.ci\\\/#\\\/schema\\\/logo\\\/image\\\/\",\"url\":\"https:\\\/\\\/woodstauhn.ci\\\/wp-content\\\/uploads\\\/2023\\\/07\\\/1.png\",\"contentUrl\":\"https:\\\/\\\/woodstauhn.ci\\\/wp-content\\\/uploads\\\/2023\\\/07\\\/1.png\",\"width\":500,\"height\":500,\"caption\":\"Woodstauhn.ci\"},\"image\":{\"@id\":\"https:\\\/\\\/woodstauhn.ci\\\/#\\\/schema\\\/logo\\\/image\\\/\"},\"sameAs\":[\"https:\\\/\\\/www.facebook.com\\\/woodstauhhnabidjan\",\"https:\\\/\\\/www.instagram.com\\\/woodstauhn\\\/\",\"https:\\\/\\\/www.tiktok.com\\\/@woodstauhn?_t=8eJUQJA9H5K&_r=1\"]}]}<\/script>\n<!-- \/ Yoast SEO plugin. -->","yoast_head_json":{"title":"Obtenir un devis - Woodstauhn","description":"obtenez un devis rapide maintenant. Construction de votre r\u00e9sidence en ossature bois, pergola, terrasses etc","robots":{"index":"index","follow":"follow","max-snippet":"max-snippet:-1","max-image-preview":"max-image-preview:large","max-video-preview":"max-video-preview:-1"},"canonical":"https:\/\/woodstauhn.ci\/index.php\/devis\/","og_locale":"fr_FR","og_type":"article","og_title":"Obtenir un devis - Woodstauhn","og_description":"obtenez un devis rapide maintenant. Construction de votre r\u00e9sidence en ossature bois, pergola, terrasses etc","og_url":"https:\/\/woodstauhn.ci\/index.php\/devis\/","og_site_name":"Woodstauhn","article_publisher":"https:\/\/www.facebook.com\/woodstauhhnabidjan","article_modified_time":"2024-12-02T17:21:05+00:00","twitter_card":"summary_large_image","schema":{"@context":"https:\/\/schema.org","@graph":[{"@type":"WebPage","@id":"https:\/\/woodstauhn.ci\/index.php\/devis\/","url":"https:\/\/woodstauhn.ci\/index.php\/devis\/","name":"Obtenir un devis - Woodstauhn","isPartOf":{"@id":"https:\/\/woodstauhn.ci\/#website"},"datePublished":"2024-12-02T17:03:23+00:00","dateModified":"2024-12-02T17:21:05+00:00","description":"obtenez un devis rapide maintenant. Construction de votre r\u00e9sidence en ossature bois, pergola, terrasses etc","breadcrumb":{"@id":"https:\/\/woodstauhn.ci\/index.php\/devis\/#breadcrumb"},"inLanguage":"fr-FR","potentialAction":[{"@type":"ReadAction","target":["https:\/\/woodstauhn.ci\/index.php\/devis\/"]}]},{"@type":"BreadcrumbList","@id":"https:\/\/woodstauhn.ci\/index.php\/devis\/#breadcrumb","itemListElement":[{"@type":"ListItem","position":1,"name":"Home","item":"https:\/\/woodstauhn.ci\/"},{"@type":"ListItem","position":2,"name":"Obtenir un devis"}]},{"@type":"WebSite","@id":"https:\/\/woodstauhn.ci\/#website","url":"https:\/\/woodstauhn.ci\/","name":"Woodstauhn.ci","description":"La vie commence ici","publisher":{"@id":"https:\/\/woodstauhn.ci\/#organization"},"potentialAction":[{"@type":"SearchAction","target":{"@type":"EntryPoint","urlTemplate":"https:\/\/woodstauhn.ci\/?s={search_term_string}"},"query-input":{"@type":"PropertyValueSpecification","valueRequired":true,"valueName":"search_term_string"}}],"inLanguage":"fr-FR"},{"@type":"Organization","@id":"https:\/\/woodstauhn.ci\/#organization","name":"Woodstauhn.ci","url":"https:\/\/woodstauhn.ci\/","logo":{"@type":"ImageObject","inLanguage":"fr-FR","@id":"https:\/\/woodstauhn.ci\/#\/schema\/logo\/image\/","url":"https:\/\/woodstauhn.ci\/wp-content\/uploads\/2023\/07\/1.png","contentUrl":"https:\/\/woodstauhn.ci\/wp-content\/uploads\/2023\/07\/1.png","width":500,"height":500,"caption":"Woodstauhn.ci"},"image":{"@id":"https:\/\/woodstauhn.ci\/#\/schema\/logo\/image\/"},"sameAs":["https:\/\/www.facebook.com\/woodstauhhnabidjan","https:\/\/www.instagram.com\/woodstauhn\/","https:\/\/www.tiktok.com\/@woodstauhn?_t=8eJUQJA9H5K&_r=1"]}]}},"jetpack_sharing_enabled":true,"_links":{"self":[{"href":"https:\/\/woodstauhn.ci\/index.php\/wp-json\/wp\/v2\/pages\/1447","targetHints":{"allow":["GET"]}}],"collection":[{"href":"https:\/\/woodstauhn.ci\/index.php\/wp-json\/wp\/v2\/pages"}],"about":[{"href":"https:\/\/woodstauhn.ci\/index.php\/wp-json\/wp\/v2\/types\/page"}],"author":[{"embeddable":true,"href":"https:\/\/woodstauhn.ci\/index.php\/wp-json\/wp\/v2\/users\/1"}],"replies":[{"embeddable":true,"href":"https:\/\/woodstauhn.ci\/index.php\/wp-json\/wp\/v2\/comments?post=1447"}],"version-history":[{"count":3,"href":"https:\/\/woodstauhn.ci\/index.php\/wp-json\/wp\/v2\/pages\/1447\/revisions"}],"predecessor-version":[{"id":1451,"href":"https:\/\/woodstauhn.ci\/index.php\/wp-json\/wp\/v2\/pages\/1447\/revisions\/1451"}],"wp:attachment":[{"href":"https:\/\/woodstauhn.ci\/index.php\/wp-json\/wp\/v2\/media?parent=1447"}],"curies":[{"name":"wp","href":"https:\/\/api.w.org\/{rel}","templated":true}]}}